{"id":2243,"date":"2017-02-12T11:31:56","date_gmt":"2017-02-12T11:31:56","guid":{"rendered":"https:\/\/mehmetonur.com\/contact\/"},"modified":"2024-03-03T18:22:45","modified_gmt":"2024-03-03T18:22:45","slug":"contact","status":"publish","type":"page","link":"https:\/\/mehmetonur.com\/en\/contact\/","title":{"rendered":"Contact"},"content":{"rendered":"<h5><strong>Address:<\/strong><br \/>\n<strong>Ku\u015ftepe Mah. Leylak Sok. Nursanlar Plaza No:1\/2 <\/strong><br \/>\n<strong>34387 \u015ei\u015fli, \u0130stanbul \/ T\u00fcrkiye<\/strong><\/h5>\n<h5><strong>Phone:<br \/>\n+90 (212) 275 04 35<\/strong><\/h5>\n<h5><strong>E-mail:<\/strong><br \/>\n<strong><a href=\"mailto:info@mehmetonur.com\">info@mehmetonur.com<\/a><\/strong><\/h5>\n<h5><strong>Casting Director:<br \/>\nEmel Uzun<\/strong><\/h5>\n","protected":false},"excerpt":{"rendered":"<p>Address: Ku\u015ftepe Mah. Leylak Sok. Nursanlar Plaza No:1\/2 34387 \u015ei\u015fli, \u0130stanbul \/ T\u00fcrkiye Phone: +90 (212) 275 04 35 E-mail: info@mehmetonur.com Casting Director: Emel Uzun<\/p>\n","protected":false},"author":1,"featured_media":0,"parent":0,"menu_order":0,"comment_status":"closed","ping_status":"closed","template":"page-contact.php","meta":{"_acf_changed":false,"footnotes":""},"acf":[],"_links":{"self":[{"href":"https:\/\/mehmetonur.com\/en\/wp-json\/wp\/v2\/pages\/2243"}],"collection":[{"href":"https:\/\/mehmetonur.com\/en\/wp-json\/wp\/v2\/pages"}],"about":[{"href":"https:\/\/mehmetonur.com\/en\/wp-json\/wp\/v2\/types\/page"}],"author":[{"embeddable":true,"href":"https:\/\/mehmetonur.com\/en\/wp-json\/wp\/v2\/users\/1"}],"replies":[{"embeddable":true,"href":"https:\/\/mehmetonur.com\/en\/wp-json\/wp\/v2\/comments?post=2243"}],"version-history":[{"count":3,"href":"https:\/\/mehmetonur.com\/en\/wp-json\/wp\/v2\/pages\/2243\/revisions"}],"predecessor-version":[{"id":2727,"href":"https:\/\/mehmetonur.com\/en\/wp-json\/wp\/v2\/pages\/2243\/revisions\/2727"}],"wp:attachment":[{"href":"https:\/\/mehmetonur.com\/en\/wp-json\/wp\/v2\/media?parent=2243"}],"curies":[{"name":"wp","href":"https:\/\/api.w.org\/{rel}","templated":true}]}}